{"id":1751,"date":"2024-05-21T10:32:54","date_gmt":"2024-05-21T09:32:54","guid":{"rendered":"https:\/\/zylaki-rzeszow.pl\/apt\/produkt\/miralash\/"},"modified":"2025-03-09T21:08:31","modified_gmt":"2025-03-09T20:08:31","slug":"miralash","status":"publish","type":"product","link":"https:\/\/lewartowska.pl\/apt\/produkt\/miralash\/","title":{"rendered":"Miralash"},"content":{"rendered":"\n<h2 class=\"wp-block-heading\">Co to jest Miralash i jak dzia\u0142a?<\/h2>\n\n\n\n<p>Miralash to innowacyjna <b>od\u017cywka do rz\u0119s<\/b> stworzona z my\u015bl\u0105 o wzmocnieniu i regeneracji rz\u0119s. Dzi\u0119ki zastosowaniu naturalnych sk\u0142adnik\u00f3w, takich jak ekstrakt z \u017ce\u0144-szenia oraz pokrzywy indyjskiej, Miralash skutecznie wspomaga proces wzrostu rz\u0119s. <b>Dzia\u0142anie<\/b> tego produktu opiera si\u0119 na poprawie struktury w\u0142os\u00f3w, co pozwala osi\u0105gn\u0105\u0107 widoczne <b>efekty<\/b> ju\u017c po 14 dniach u\u017cytkowania.<\/p>\n\n\n\n<p>Ekstrakt z \u017ce\u0144-szenia odgrywa kluczow\u0105 rol\u0119 w regeneracji rz\u0119s, a w\u0142a\u015bciwo\u015bci pokrzywy indyjskiej wzmacniaj\u0105 oraz dzia\u0142aj\u0105 odka\u017caj\u0105co. Od\u017cywka Miralash, dok\u0142adnie przebadana dermatologicznie, charakteryzuje si\u0119 wysokim stopniem bezpiecze\u0144stwa, co czyni j\u0105 odpowiedni\u0105 dla os\u00f3b z wra\u017cliw\u0105 sk\u00f3r\u0105. Produkt jest przeznaczony zar\u00f3wno dla kobiet, jak i m\u0119\u017cczyzn, lecz nie zaleca si\u0119 jego stosowania przez kobiety w ci\u0105\u017cy, karmi\u0105ce matki oraz osoby poni\u017cej 18. roku \u017cycia.<\/p>\n\n\n\n<p>Wypr\u00f3bowuj\u0105c od\u017cywk\u0119 do rz\u0119s Miralash, wi\u0119kszo\u015b\u0107 u\u017cytkownik\u00f3w mo\u017ce spodziewa\u0107 si\u0119 pe\u0142nych rezultat\u00f3w po 3 miesi\u0105cach codziennego stosowania. Specjalistyczne badania wykaza\u0142y, \u017ce 87% kobiet zauwa\u017cy\u0142o wyd\u0142u\u017cenie rz\u0119s ju\u017c w ci\u0105gu miesi\u0105ca. <b>Bezpiecze\u0144stwo<\/b> i skuteczno\u015b\u0107 Miralash potwierdzaj\u0105 tak\u017ce badania laboratoryjne jej sk\u0142adnik\u00f3w, kt\u00f3rych regularne <b>stosowanie<\/b> przyczynia si\u0119 do zachowania zdrowych i mocnych rz\u0119s przez d\u0142u\u017cszy czas.<\/p>\n\n\n\n<h2 class=\"wp-block-heading\">Efekty stosowania Miralash<\/h2>\n\n\n\n<p>U\u017cytkownicy Miralash z przyjemno\u015bci\u0105 podkre\u015blaj\u0105 pozytywne <b>efekty<\/b> stosowania tej od\u017cywki do rz\u0119s. Badania wykaza\u0142y, \u017ce <em>67%<\/em> testuj\u0105cych zauwa\u017cy\u0142o popraw\u0119 g\u0119sto\u015bci rz\u0119s ju\u017c po jednym miesi\u0105cu kuracji. Po <em>czterech tygodniach<\/em> obserwowane s\u0105 tak\u017ce efekty w postaci wyd\u0142u\u017cenia rz\u0119s, co potwierdza <em>87%<\/em> u\u017cytkowniczek. Dzi\u0119ki aplikacji Miralash, rz\u0119sy staj\u0105 si\u0119 nie tylko d\u0142u\u017csze, ale r\u00f3wnie\u017c ciemniejsze oraz mocniejsze &#8211; a\u017c <em>80%<\/em> kobiet zaznacza, \u017ce ich rz\u0119sy odzyska\u0142y si\u0142\u0119.<\/p>\n\n\n\n<p><b>Opinie<\/b> u\u017cytkownik\u00f3w wskazuj\u0105 na fakt, \u017ce efekty zaczynaj\u0105 by\u0107 widoczne ju\u017c po <em>14 dniach<\/em>, co mo\u017ce zaskakiwa\u0107 osoby poszukuj\u0105ce szybkich rezultat\u00f3w. Dodatkowo, regularne <b>stosowanie<\/b> przez okres do <em>trzech miesi\u0119cy<\/em> przyczynia si\u0119 do osi\u0105gni\u0119cia maksymalnych efekt\u00f3w, kt\u00f3re s\u0105 bardzo zadowalaj\u0105ce dla wielu u\u017cytkownik\u00f3w, w tym dla kobiet z problemami z kr\u00f3tkimi lub os\u0142abionymi rz\u0119sami.<\/p>\n\n\n\n<p>Tak pozytywne <b>wyniki stosowania<\/b> Miralash buduj\u0105 zaufanie do produktu, kt\u00f3ry \u015bwietnie spisuje si\u0119 jako rozwi\u0105zanie dla tych, kt\u00f3rzy pragn\u0105 zazna\u0107 pi\u0119kna i g\u0119sto\u015bci rz\u0119s. U\u017cytkownicy cz\u0119sto rekomenduj\u0105 Miralash innym, podkre\u015blaj\u0105c jego efektywno\u015b\u0107 oraz <b>bezpiecze\u0144stwo<\/b> stosowania. Tego rodzaju <b>opinie<\/b> staj\u0105 si\u0119 wa\u017cnym czynnikiem w podejmowaniu decyzji och wyb\u00f3r odpowiednich produkt\u00f3w do piel\u0119gnacji rz\u0119s.<\/p>\n\n\n\n<h2 class=\"wp-block-heading\">Jak stosowa\u0107 Miralash &#8211; Instrukcja stosowania i dawkowania<\/h2>\n\n\n\n<p>Stosowanie Miralash wymaga przestrzegania kilku prostych zasad, aby uzyska\u0107 najlepsze efekty. Produkt zaleca si\u0119 aplikowa\u0107 raz dziennie, najlepiej wieczorem, po wcze\u015bniejszym dok\u0142adnym demakija\u017cu rz\u0119s. Aplikacj\u0119 nale\u017cy przeprowadza\u0107 przy u\u017cyciu do\u0142\u0105czonego aplikatora, kt\u00f3ry pozwala na precyzyjne na\u0142o\u017cenie od\u017cywki na nasad\u0119 rz\u0119s g\u00f3rnej powieki.<\/p>\n\n\n\n<p>Regularno\u015b\u0107 stosowania ma kluczowe znaczenie dla osi\u0105gni\u0119cia zamierzonych rezultat\u00f3w. Warto u\u017cywa\u0107 Miralash przez okres oko\u0142o trzech miesi\u0119cy, co pozwala na widoczn\u0105 popraw\u0119 kondycji rz\u0119s. Po zako\u0144czonym cyklu kuracyjnym, mo\u017cna przyst\u0105pi\u0107 do podtrzymania efekt\u00f3w poprzez stosowanie od\u017cywki 2-3 razy w tygodniu.<\/p>\n\n\n\n<figure class=\"wp-block-table\"><table class=\"has-fixed-layout\"><tbody><tr><th>Krok<\/th><th>Instrukcja<\/th><\/tr><tr><td>1<\/td><td>Dok\u0142adnie oczy\u015b\u0107 rz\u0119sy z makija\u017cu.<\/td><\/tr><tr><td>2<\/td><td>Za pomoc\u0105 aplikatora nanie\u015b niewielk\u0105 ilo\u015b\u0107 od\u017cywki na nasad\u0119 rz\u0119s g\u00f3rnej powieki.<\/td><\/tr><tr><td>3<\/td><td>Poczekaj, a\u017c produkt dok\u0142adnie wyschnie.<\/td><\/tr><tr><td>4<\/td><td>Powt\u00f3rz codziennie przez oko\u0142o 3 miesi\u0105ce.<\/td><\/tr><\/tbody><\/table><\/figure>\n\n\n\n<p>Stosowanie Miralash zgodnie z powy\u017csz\u0105 instrukcj\u0105 zapewnia skuteczne i bezpieczne rezultaty, poprawiaj\u0105c zar\u00f3wno wygl\u0105d, jak i kondycj\u0119 rz\u0119s. Zastosowane regularnie, mo\u017ce wp\u0142yn\u0105\u0107 na ich d\u0142ugo\u015b\u0107 i g\u0119sto\u015b\u0107, co z pewno\u015bci\u0105 zadowoli u\u017cytkownik\u00f3w.<\/p>\n\n\n\n<h2 class=\"wp-block-heading\">Do\u015bwiadczenia u\u017cytkownik\u00f3w i Opinie o Miralash &#8211; jakie s\u0105 recenzje?<\/h2>\n\n\n\n<p><b>Opinie<\/b> na temat Miralash s\u0105 zdecydowanie pozytywne, co potwierdzaj\u0105 liczne <b>do\u015bwiadczenia<\/b> u\u017cytkownik\u00f3w. Wiele kobiet zauwa\u017ca, \u017ce efekty stosowania serum s\u0105 widoczne ju\u017c po 14 dniach. Po miesi\u0105cu, 87% u\u017cytkowniczek zg\u0142asza zauwa\u017calne wyd\u0142u\u017cenie rz\u0119s oraz popraw\u0119 ich g\u0119sto\u015bci. Warto zaznaczy\u0107, \u017ce 67% os\u00f3b dostrzega popraw\u0119 kondycji rz\u0119s po czterech tygodniach u\u017cywania.<\/p>\n\n\n\n<p>W\u015br\u00f3d recenzji mo\u017cna znale\u017a\u0107 wiele entuzjastycznych wypowiedzi. Na przyk\u0142ad, jedna z u\u017cytkowniczek podkre\u015bla, jak po dw\u00f3ch miesi\u0105cach stosowania jej rz\u0119sy sta\u0142y si\u0119 nie tylko d\u0142u\u017csze, lecz tak\u017ce g\u0119stsze. R\u00f3wnie\u017c inne <b>do\u015bwiadczenia<\/b> wskazuj\u0105 na szybkie rezultaty, co przek\u0142ada si\u0119 na zaufanie do produktu.<\/p>\n\n\n\n<ul class=\"wp-block-list\">\n<li>Po 2 miesi\u0105cach u\u017cytkowania zmiany w wygl\u0105dzie rz\u0119s zauwa\u017calne z daleka.<\/li>\n\n\n\n<li>Regularne stosowanie przez 3 miesi\u0105ce przynosi pe\u0142ne efekty.<\/li>\n\n\n\n<li>90-dniowy okres zwrotu produktu w przypadku niespe\u0142nienia oczekiwa\u0144.<\/li>\n<\/ul>\n\n\n\n<p>U\u017cytkownicy cz\u0119sto chwal\u0105 Miralash za jego wysok\u0105 jako\u015b\u0107, potwierdzon\u0105 przez wsp\u00f3\u0142prac\u0119 z zespo\u0142em specjalist\u00f3w. Czasami pojawiaj\u0105 si\u0119 jednak opinie na temat \u0142agodnych skutk\u00f3w ubocznych, takich jak pieczenie czy zaczerwienienie oczu, szczeg\u00f3lnie u os\u00f3b o wra\u017cliwej sk\u00f3rze.<\/p>\n\n\n\n<p>Pomimo niewielkiej liczby negatywnych recenzji, wszystko wskazuje na to, \u017ce Miralash spe\u0142nia oczekiwania wielu kobiet, kt\u00f3re marz\u0105 o pi\u0119knych rz\u0119sach. Dost\u0119pno\u015b\u0107 produktu tylko online sprawia, \u017ce zakupy s\u0105 wygodne, a interesuj\u0105cy rabat na Miralash dodatkowo zach\u0119ca do wypr\u00f3bowania.<\/p>\n\n\n\n<h2 class=\"wp-block-heading\">Miralash &#8211; Sk\u0142ad &#8211; Analiza sk\u0142adnik\u00f3w<\/h2>\n\n\n\n<p>Miralash to produkt, kt\u00f3ry przyci\u0105ga uwag\u0119 dzi\u0119ki unikalnej formule. W szczeg\u00f3lno\u015bci warto zwr\u00f3ci\u0107 uwag\u0119 na <em>sk\u0142ad<\/em>, w kt\u00f3rym dominuj\u0105 <em>sk\u0142adniki aktywne<\/em> wspieraj\u0105ce zdrowie rz\u0119s. G\u0142\u00f3wnym sk\u0142adnikiem aktywnym jest bimatoprost, znany ze swojej zdolno\u015bci do poprawy fazy wzrostu rz\u0119s. U\u017cytkownicy zaczynaj\u0105 dostrzega\u0107 pierwsze efekty ju\u017c po kilku tygodniach stosowania, a widoczne rezultaty pojawiaj\u0105 si\u0119 po 3-4 miesi\u0105cach regularnej aplikacji.<\/p>\n\n\n\n<ul class=\"wp-block-list\">\n<li><em>Ekstrakt z \u017ce\u0144-szenia<\/em> &#8211; regeneruje i wspomaga wzrost rz\u0119s, przeciwdzia\u0142aj\u0105c ich wypadaniu.<\/li>\n\n\n\n<li><em>Ekstrakt z pokrzywy indyjskiej<\/em> &#8211; dzia\u0142a odka\u017caj\u0105co i wzmacniaj\u0105co rz\u0119sy, co przyczynia si\u0119 do ich zdrowia.<\/li>\n\n\n\n<li><em>Biotinoyl Tripeptide-1<\/em> &#8211; skutecznie wspiera nawil\u017cenie rz\u0119s, czyni\u0105c je bardziej odpornymi na uszkodzenia.<\/li>\n\n\n\n<li><em>Niacinamide<\/em> &#8211; poprawia og\u00f3lny stan rz\u0119s, przywracaj\u0105c im blask.<\/li>\n<\/ul>\n\n\n\n<p>Wa\u017cne jest, aby <em>analiza<\/em> sk\u0142adu Miralash wykaza\u0142a, \u017ce produkt jest wolny od substancji dra\u017cni\u0105cych, co czyni go bezpiecznym dla wra\u017cliwych oczu. Opr\u00f3cz g\u0142\u00f3wnych <em>sk\u0142adnik\u00f3w aktywnych<\/em>, odpowiedzialnych za wzrost i g\u0119sto\u015b\u0107 rz\u0119s, w sk\u0142adzie znajduj\u0105 si\u0119 r\u00f3wnie\u017c sk\u0142adniki od\u017cywcze, kt\u00f3re dodatkowo wspieraj\u0105 ich piel\u0119gnacj\u0119.<\/p>\n\n\n\n<p>R\u00f3\u017cnorodno\u015b\u0107 <em>sk\u0142adnik\u00f3w aktywnych<\/em> w Miralash podkre\u015bla jego skuteczno\u015b\u0107 w dzia\u0142aniach zwi\u0105zanych z popraw\u0105 kondycji rz\u0119s. Regularne stosowanie tego serum pozwala na uzyskanie efekt\u00f3w w postaci pe\u0142niejszych, g\u0119stszych oraz trwalszych rz\u0119s. Dba\u0142o\u015b\u0107 o jako\u015b\u0107 sk\u0142ad\u00f3w wp\u0142ywa na pozytywne opinie u\u017cytkownik\u00f3w i ich zadowolenie z rezultat\u00f3w.<\/p>\n\n\n\n<h2 class=\"wp-block-heading\">Gdzie kupi\u0107 i jaka jest cena Miralash?<\/h2>\n\n\n\n<p>Miralash jest dost\u0119pny przede wszystkim na stronie <em>oficjalnego producenta<\/em>. Zakup produktu bezpo\u015brednio od producenta gwarantuje <b>bezpiecze\u0144stwo<\/b> oraz autentyczno\u015b\u0107, co ma kluczowe znaczenie dla jako\u015bci. Warto regularnie sprawdza\u0107 t\u0119 stron\u0119, aby by\u0107 na bie\u017c\u0105co z aktualnymi promocjami, kt\u00f3re mog\u0105 wp\u0142yn\u0105\u0107 na <em>cen\u0119<\/em> od\u017cywki.<\/p>\n\n\n\n<p><b>Cena<\/b> Miralash mo\u017ce si\u0119 r\u00f3\u017cni\u0107 w zale\u017cno\u015bci od dost\u0119pnych ofert, ale standardowo oscyluje w przedzia\u0142ach zbli\u017conych do innych, podobnych produkt\u00f3w na rynku. Suplement jest wydajny, poniewa\u017c zawarto\u015b\u0107 3 ml wystarcza na 4-5 miesi\u0119cy przy codziennym stosowaniu. Dzi\u0119ki temu inwestycja w Miralash mo\u017ce okaza\u0107 si\u0119 atrakcyjna zar\u00f3wno pod wzgl\u0119dem jako\u015bci, jak i trwa\u0142o\u015bci efekt\u00f3w.<\/p>\n\n\n\n<p>Wybieraj\u0105c, <em>gdzie kupi\u0107<\/em> Miralash, warto r\u00f3wnie\u017c rozwa\u017cy\u0107 licencjonowane apteki, drogerie oraz znane platformy e-commerce. Zawsze nale\u017cy zwraca\u0107 uwag\u0119 na autentyczno\u015b\u0107 oferty, aby unikn\u0105\u0107 zakupu fa\u0142szywego produktu, co mo\u017ce prowadzi\u0107 do niepo\u017c\u0105danych skutk\u00f3w. W\u0142a\u015bciwe podej\u015bcie do zakupu zapewnia spok\u00f3j i satysfakcj\u0119 z inwestycji w zdrowie rz\u0119s.<\/p>\n\n\n\n<h2 class=\"wp-block-heading\">Miralash &#8211; Skutki uboczne i przeciwwskazania &#8211; Czy jest bezpieczny?<\/h2>\n\n\n\n<p>Miralash to produkt, kt\u00f3ry przeszed\u0142 rzetelne badania dermatologiczne, co gwarantuje jego bezpiecze\u0144stwo stosowania. W znacz\u0105cej cz\u0119\u015bci przypadk\u00f3w nie zaobserwowano szkodliwych skutk\u00f3w ubocznych. Dla os\u00f3b z wra\u017cliw\u0105 sk\u00f3r\u0105 wok\u00f3\u0142 oczu, Miralash stanowi komfortowe rozwi\u0105zanie, jednak istniej\u0105 pewne <b>przeciwwskazania<\/b>, kt\u00f3re nale\u017cy rozwa\u017cy\u0107 przed rozpocz\u0119ciem kuracji.<\/p>\n\n\n\n<p>Stosowanie Miralash nie jest zalecane dla kobiet w ci\u0105\u017cy, karmi\u0105cych matek, os\u00f3b b\u0119d\u0105cych w trakcie chemioterapii oraz dla m\u0142odzie\u017cy poni\u017cej 18 roku \u017cycia. W przypadku wyst\u0105pienia jakiegokolwiek podra\u017cnienia, niezb\u0119dne jest natychmiastowe przerwanie stosowania produktu.<\/p>\n\n\n\n<p>Og\u00f3lnie rzecz bior\u0105c, Miralash przyci\u0105ga uwag\u0119 licznych u\u017cytkownik\u00f3w, kt\u00f3rzy podkre\u015blaj\u0105 jego skuteczno\u015b\u0107 bez towarzysz\u0105cych skutk\u00f3w ubocznych. Dlatego te\u017c, je\u015bli wymienione <b>przeciwwskazania<\/b> nie dotycz\u0105 Ciebie, mo\u017cesz by\u0107 pewien, \u017ce Miralash jest bezpiecznym wyborem dla zdrowia Twoich rz\u0119s.<\/p>\n","protected":false},"excerpt":{"rendered":"<p>Co to jest Miralash i jak dzia\u0142a? Miralash to innowacyjna od\u017cywka do rz\u0119s stworzona z my\u015bl\u0105 o wzmocnieniu i regeneracji rz\u0119s. Dzi\u0119ki zastosowaniu naturalnych sk\u0142adnik\u00f3w, takich jak ekstrakt z \u017ce\u0144-szenia oraz pokrzywy indyjskiej, Miralash skutecznie wspomaga proces wzrostu rz\u0119s. Dzia\u0142anie tego produktu opiera si\u0119 na poprawie struktury w\u0142os\u00f3w, co pozwala osi\u0105gn\u0105\u0107 widoczne efekty ju\u017c po&hellip;&nbsp;<a href=\"https:\/\/lewartowska.pl\/apt\/produkt\/miralash\/\" rel=\"bookmark\">Read More &raquo;<span class=\"screen-reader-text\">Miralash<\/span><\/a><\/p>\n","protected":false},"featured_media":1750,"comment_status":"open","ping_status":"closed","template":"","meta":{"neve_meta_sidebar":"","neve_meta_container":"","neve_meta_enable_content_width":"","neve_meta_content_width":0,"neve_meta_title_alignment":"","neve_meta_author_avatar":"","neve_post_elements_order":"","neve_meta_disable_header":"","neve_meta_disable_footer":"","neve_meta_disable_title":"","neve_meta_reading_time":""},"product_brand":[],"product_cat":[21],"product_tag":[],"class_list":{"0":"post-1751","1":"product","2":"type-product","3":"status-publish","4":"has-post-thumbnail","6":"product_cat-zdrowie","8":"first","9":"instock","10":"sale","11":"shipping-taxable","12":"product-type-external"},"yoast_head":"<!-- This site is optimized with the Yoast SEO plugin v27.4 - https:\/\/yoast.com\/product\/yoast-seo-wordpress\/ -->\n<title>Miralash - Opinie, Cena - 50%, Sk\u0142ad, Efekty, Apteka, Forum | Lewartowska<\/title>\n<meta name=\"robots\" content=\"index, follow, max-snippet:-1, max-image-preview:large, max-video-preview:-1\" \/>\n<link rel=\"canonical\" href=\"https:\/\/lewartowska.pl\/apt\/produkt\/miralash\/\" \/>\n<meta property=\"og:locale\" content=\"pl_PL\" \/>\n<meta property=\"og:type\" content=\"article\" \/>\n<meta property=\"og:title\" content=\"Miralash - Opinie, Cena - 50%, Sk\u0142ad, Efekty, Apteka, Forum | Lewartowska\" \/>\n<meta property=\"og:description\" content=\"Co to jest Miralash i jak dzia\u0142a? Miralash to innowacyjna od\u017cywka do rz\u0119s stworzona z my\u015bl\u0105 o wzmocnieniu i regeneracji rz\u0119s. Dzi\u0119ki zastosowaniu naturalnych sk\u0142adnik\u00f3w, takich jak ekstrakt z \u017ce\u0144-szenia oraz pokrzywy indyjskiej, Miralash skutecznie wspomaga proces wzrostu rz\u0119s. Dzia\u0142anie tego produktu opiera si\u0119 na poprawie struktury w\u0142os\u00f3w, co pozwala osi\u0105gn\u0105\u0107 widoczne efekty ju\u017c po&hellip;&nbsp;Read More &raquo;Miralash\" \/>\n<meta property=\"og:url\" content=\"https:\/\/lewartowska.pl\/apt\/produkt\/miralash\/\" \/>\n<meta property=\"og:site_name\" content=\"Lewartowska\" \/>\n<meta property=\"article:modified_time\" content=\"2025-03-09T20:08:31+00:00\" \/>\n<meta property=\"og:image\" content=\"https:\/\/lewartowska.pl\/apt\/wp-content\/uploads\/2024\/05\/Miralash.jpg\" \/>\n\t<meta property=\"og:image:width\" content=\"768\" \/>\n\t<meta property=\"og:image:height\" content=\"768\" \/>\n\t<meta property=\"og:image:type\" content=\"image\/jpeg\" \/>\n<meta name=\"twitter:card\" content=\"summary_large_image\" \/>\n<meta name=\"twitter:label1\" content=\"Szacowany czas czytania\" \/>\n\t<meta name=\"twitter:data1\" content=\"1 minuta\" \/>\n<script type=\"application\/ld+json\" class=\"yoast-schema-graph\">{\"@context\":\"https:\\\/\\\/schema.org\",\"@graph\":[{\"@type\":\"WebPage\",\"@id\":\"https:\\\/\\\/lewartowska.pl\\\/apt\\\/produkt\\\/miralash\\\/\",\"url\":\"https:\\\/\\\/lewartowska.pl\\\/apt\\\/produkt\\\/miralash\\\/\",\"name\":\"Miralash - Opinie, Cena - 50%, Sk\u0142ad, Efekty, Apteka, Forum | Lewartowska\",\"isPartOf\":{\"@id\":\"https:\\\/\\\/lewartowska.pl\\\/apt\\\/#website\"},\"primaryImageOfPage\":{\"@id\":\"https:\\\/\\\/lewartowska.pl\\\/apt\\\/produkt\\\/miralash\\\/#primaryimage\"},\"image\":{\"@id\":\"https:\\\/\\\/lewartowska.pl\\\/apt\\\/produkt\\\/miralash\\\/#primaryimage\"},\"thumbnailUrl\":\"https:\\\/\\\/lewartowska.pl\\\/apt\\\/wp-content\\\/uploads\\\/2024\\\/05\\\/Miralash.jpg\",\"datePublished\":\"2024-05-21T09:32:54+00:00\",\"dateModified\":\"2025-03-09T20:08:31+00:00\",\"breadcrumb\":{\"@id\":\"https:\\\/\\\/lewartowska.pl\\\/apt\\\/produkt\\\/miralash\\\/#breadcrumb\"},\"inLanguage\":\"pl-PL\",\"potentialAction\":[{\"@type\":\"ReadAction\",\"target\":[\"https:\\\/\\\/lewartowska.pl\\\/apt\\\/produkt\\\/miralash\\\/\"]}]},{\"@type\":\"ImageObject\",\"inLanguage\":\"pl-PL\",\"@id\":\"https:\\\/\\\/lewartowska.pl\\\/apt\\\/produkt\\\/miralash\\\/#primaryimage\",\"url\":\"https:\\\/\\\/lewartowska.pl\\\/apt\\\/wp-content\\\/uploads\\\/2024\\\/05\\\/Miralash.jpg\",\"contentUrl\":\"https:\\\/\\\/lewartowska.pl\\\/apt\\\/wp-content\\\/uploads\\\/2024\\\/05\\\/Miralash.jpg\",\"width\":768,\"height\":768},{\"@type\":\"BreadcrumbList\",\"@id\":\"https:\\\/\\\/lewartowska.pl\\\/apt\\\/produkt\\\/miralash\\\/#breadcrumb\",\"itemListElement\":[{\"@type\":\"ListItem\",\"position\":1,\"name\":\"Strona g\u0142\u00f3wna\",\"item\":\"https:\\\/\\\/lewartowska.pl\\\/apt\\\/\"},{\"@type\":\"ListItem\",\"position\":2,\"name\":\"Main\",\"item\":\"https:\\\/\\\/lewartowska.pl\\\/apt\\\/\"},{\"@type\":\"ListItem\",\"position\":3,\"name\":\"Miralash\"}]},{\"@type\":\"WebSite\",\"@id\":\"https:\\\/\\\/lewartowska.pl\\\/apt\\\/#website\",\"url\":\"https:\\\/\\\/lewartowska.pl\\\/apt\\\/\",\"name\":\"Lewartowska\",\"description\":\"\",\"potentialAction\":[{\"@type\":\"SearchAction\",\"target\":{\"@type\":\"EntryPoint\",\"urlTemplate\":\"https:\\\/\\\/lewartowska.pl\\\/apt\\\/?s={search_term_string}\"},\"query-input\":{\"@type\":\"PropertyValueSpecification\",\"valueRequired\":true,\"valueName\":\"search_term_string\"}}],\"inLanguage\":\"pl-PL\"}]}<\/script>\n<!-- \/ Yoast SEO plugin. -->","yoast_head_json":{"title":"Miralash - Opinie, Cena - 50%, Sk\u0142ad, Efekty, Apteka, Forum | Lewartowska","robots":{"index":"index","follow":"follow","max-snippet":"max-snippet:-1","max-image-preview":"max-image-preview:large","max-video-preview":"max-video-preview:-1"},"canonical":"https:\/\/lewartowska.pl\/apt\/produkt\/miralash\/","og_locale":"pl_PL","og_type":"article","og_title":"Miralash - Opinie, Cena - 50%, Sk\u0142ad, Efekty, Apteka, Forum | Lewartowska","og_description":"Co to jest Miralash i jak dzia\u0142a? Miralash to innowacyjna od\u017cywka do rz\u0119s stworzona z my\u015bl\u0105 o wzmocnieniu i regeneracji rz\u0119s. Dzi\u0119ki zastosowaniu naturalnych sk\u0142adnik\u00f3w, takich jak ekstrakt z \u017ce\u0144-szenia oraz pokrzywy indyjskiej, Miralash skutecznie wspomaga proces wzrostu rz\u0119s. Dzia\u0142anie tego produktu opiera si\u0119 na poprawie struktury w\u0142os\u00f3w, co pozwala osi\u0105gn\u0105\u0107 widoczne efekty ju\u017c po&hellip;&nbsp;Read More &raquo;Miralash","og_url":"https:\/\/lewartowska.pl\/apt\/produkt\/miralash\/","og_site_name":"Lewartowska","article_modified_time":"2025-03-09T20:08:31+00:00","og_image":[{"width":768,"height":768,"url":"https:\/\/lewartowska.pl\/apt\/wp-content\/uploads\/2024\/05\/Miralash.jpg","type":"image\/jpeg"}],"twitter_card":"summary_large_image","twitter_misc":{"Szacowany czas czytania":"1 minuta"},"schema":{"@context":"https:\/\/schema.org","@graph":[{"@type":"WebPage","@id":"https:\/\/lewartowska.pl\/apt\/produkt\/miralash\/","url":"https:\/\/lewartowska.pl\/apt\/produkt\/miralash\/","name":"Miralash - Opinie, Cena - 50%, Sk\u0142ad, Efekty, Apteka, Forum | Lewartowska","isPartOf":{"@id":"https:\/\/lewartowska.pl\/apt\/#website"},"primaryImageOfPage":{"@id":"https:\/\/lewartowska.pl\/apt\/produkt\/miralash\/#primaryimage"},"image":{"@id":"https:\/\/lewartowska.pl\/apt\/produkt\/miralash\/#primaryimage"},"thumbnailUrl":"https:\/\/lewartowska.pl\/apt\/wp-content\/uploads\/2024\/05\/Miralash.jpg","datePublished":"2024-05-21T09:32:54+00:00","dateModified":"2025-03-09T20:08:31+00:00","breadcrumb":{"@id":"https:\/\/lewartowska.pl\/apt\/produkt\/miralash\/#breadcrumb"},"inLanguage":"pl-PL","potentialAction":[{"@type":"ReadAction","target":["https:\/\/lewartowska.pl\/apt\/produkt\/miralash\/"]}]},{"@type":"ImageObject","inLanguage":"pl-PL","@id":"https:\/\/lewartowska.pl\/apt\/produkt\/miralash\/#primaryimage","url":"https:\/\/lewartowska.pl\/apt\/wp-content\/uploads\/2024\/05\/Miralash.jpg","contentUrl":"https:\/\/lewartowska.pl\/apt\/wp-content\/uploads\/2024\/05\/Miralash.jpg","width":768,"height":768},{"@type":"BreadcrumbList","@id":"https:\/\/lewartowska.pl\/apt\/produkt\/miralash\/#breadcrumb","itemListElement":[{"@type":"ListItem","position":1,"name":"Strona g\u0142\u00f3wna","item":"https:\/\/lewartowska.pl\/apt\/"},{"@type":"ListItem","position":2,"name":"Main","item":"https:\/\/lewartowska.pl\/apt\/"},{"@type":"ListItem","position":3,"name":"Miralash"}]},{"@type":"WebSite","@id":"https:\/\/lewartowska.pl\/apt\/#website","url":"https:\/\/lewartowska.pl\/apt\/","name":"Lewartowska","description":"","potentialAction":[{"@type":"SearchAction","target":{"@type":"EntryPoint","urlTemplate":"https:\/\/lewartowska.pl\/apt\/?s={search_term_string}"},"query-input":{"@type":"PropertyValueSpecification","valueRequired":true,"valueName":"search_term_string"}}],"inLanguage":"pl-PL"}]}},"_links":{"self":[{"href":"https:\/\/lewartowska.pl\/apt\/wp-json\/wp\/v2\/product\/1751","targetHints":{"allow":["GET"]}}],"collection":[{"href":"https:\/\/lewartowska.pl\/apt\/wp-json\/wp\/v2\/product"}],"about":[{"href":"https:\/\/lewartowska.pl\/apt\/wp-json\/wp\/v2\/types\/product"}],"replies":[{"embeddable":true,"href":"https:\/\/lewartowska.pl\/apt\/wp-json\/wp\/v2\/comments?post=1751"}],"wp:featuredmedia":[{"embeddable":true,"href":"https:\/\/lewartowska.pl\/apt\/wp-json\/wp\/v2\/media\/1750"}],"wp:attachment":[{"href":"https:\/\/lewartowska.pl\/apt\/wp-json\/wp\/v2\/media?parent=1751"}],"wp:term":[{"taxonomy":"product_brand","embeddable":true,"href":"https:\/\/lewartowska.pl\/apt\/wp-json\/wp\/v2\/product_brand?post=1751"},{"taxonomy":"product_cat","embeddable":true,"href":"https:\/\/lewartowska.pl\/apt\/wp-json\/wp\/v2\/product_cat?post=1751"},{"taxonomy":"product_tag","embeddable":true,"href":"https:\/\/lewartowska.pl\/apt\/wp-json\/wp\/v2\/product_tag?post=1751"}],"curies":[{"name":"wp","href":"https:\/\/api.w.org\/{rel}","templated":true}]}}