{"id":1471,"date":"2024-05-21T10:29:55","date_gmt":"2024-05-21T09:29:55","guid":{"rendered":"https:\/\/zylaki-rzeszow.pl\/apt\/produkt\/snoran-plus\/"},"modified":"2025-03-23T11:37:32","modified_gmt":"2025-03-23T10:37:32","slug":"snoran-plus","status":"publish","type":"product","link":"https:\/\/lewartowska.pl\/apt\/produkt\/snoran-plus\/","title":{"rendered":"Snoran Plus"},"content":{"rendered":"\n<h2 class=\"wp-block-heading\">Czym jest Snoran Plus i jak dzia\u0142a?<\/h2>\n\n\n\n<p>Snoran Plus to <b>suplement diety<\/b> zaprojektowany w celu skutecznej redukcji chrapania. Jego <b>dzia\u0142anie<\/b> opiera si\u0119 na naturalnych ekstraktach ro\u015blinnych, kt\u00f3re pomagaj\u0105 poprawi\u0107 przep\u0142yw powietrza w drogach oddechowych. G\u0142\u00f3wne sk\u0142adniki, takie jak ekstrakt z trawy cytrynowej i li\u015bci eukaliptusa, posiadaj\u0105 w\u0142a\u015bciwo\u015bci przeciwzapalne, co przyczynia si\u0119 do lepszego snu oraz komfortu podczas nocy.<\/p>\n\n\n\n<p>W badaniach wykazano, \u017ce Snoran Plus ma skuteczno\u015b\u0107 w 95% przypadk\u00f3w w redukcji chrapania. Produkt regularnie stosowany pozwala na efektywny sen przez oko\u0142o 10 godzin po za\u017cyciu. Aby uzyska\u0107 najlepsze rezultaty, zaleca si\u0119 przyjmowanie 2 tabletek dziennie, 30 minut przed posi\u0142kiem.<\/p>\n\n\n\n<p>Co wa\u017cne, Snoran Plus mo\u017ce nie by\u0107 skuteczny w przypadku anomalii anatomicznych, jak krzywa przegroda nosa lub przerost migda\u0142k\u00f3w. W takich sytuacjach interwencja chirurgiczna jest zazwyczaj niezb\u0119dna. Ponad 80,000 u\u017cytkownik\u00f3w skorzysta\u0142o z tego preparatu, a pierwotne <b>efekty<\/b> mo\u017cna zauwa\u017cy\u0107 ju\u017c po miesi\u0105cu stosowania, z raportowanymi poprawami w\u015br\u00f3d u\u017cytkownik\u00f3w po 2 miesi\u0105cach u\u017cywania.<\/p>\n\n\n\n<p>Nale\u017cy pami\u0119ta\u0107, \u017ce Snoran Plus nie jest przeznaczony dla dzieci i u\u017cycie preparatu nale\u017cy przerwa\u0107 w przypadku wyst\u0105pienia alergii. Produkt dost\u0119pny jest wy\u0142\u0105cznie online, co mo\u017ce ogranicza\u0107 jego dost\u0119pno\u015b\u0107 w tradycyjnych sklepach.<\/p>\n\n\n\n<h2 class=\"wp-block-heading\">Efekty stosowania Snoran Plus<\/h2>\n\n\n\n<p><b>Efekty<\/b> stosowania Snoran Plus s\u0105 zauwa\u017calne dla wielu u\u017cytkownik\u00f3w, kt\u00f3rzy poszukuj\u0105 skutecznych rozwi\u0105za\u0144 w walce z chrapaniem. Z danych wynika, \u017ce ponad 80,000 os\u00f3b skorzysta\u0142o z tego suplementu w celu poprawy jako\u015bci snu oraz redukcji chrapania. Ju\u017c po miesi\u0105cu kuracji mo\u017cna zauwa\u017cy\u0107 pierwsze pozytywne rezultaty. U\u017cytkownicy raportuj\u0105 popraw\u0119 oddychania oraz znaczn\u0105 redukcj\u0119 chrapania po 6 tygodniach stosowania.<\/p>\n\n\n\n<p>Suplement zawiera naturalne ekstrakty, kt\u00f3re wspomagaj\u0105 zdrowy sen. Ekstrakt z melisy, na przyk\u0142ad, pomaga w osi\u0105gni\u0119ciu g\u0142\u0119bokiego i spokojnego snu, co wp\u0142ywa na og\u00f3ln\u0105 <b>jako\u015b\u0107 snu<\/b>. Dodatkowo, L-tyrozyna reguluje prac\u0119 uk\u0142adu nerwowego, co przek\u0142ada si\u0119 na lepsze samopoczucie i nastr\u00f3j w ci\u0105gu dnia. Regularne spo\u017cycie Snoran Plus, zgodnie z zaleceniami producenta, przynosi istotn\u0105 popraw\u0119 jako\u015bci snu, co wida\u0107 w wzro\u015bcie energii i redukcji uczucia zm\u0119czenia po przebudzeniu.<\/p>\n\n\n\n<p>Oto podsumowanie najwa\u017cniejszych efekt\u00f3w stosowania Snoran Plus:<\/p>\n\n\n\n<figure class=\"wp-block-table\"><table class=\"has-fixed-layout\"><tbody><tr><th>Efekt<\/th><th>Opis<\/th><\/tr><tr><td><b>Redukcja chrapania<\/b><\/td><td>Widoczna poprawa w czasie snu, eliminacja lub zmniejszenie cz\u0119stotliwo\u015bci chrapania.<\/td><\/tr><tr><td>Poprawa jako\u015bci snu<\/td><td>Lepszy sen prowadzi do lepszego samopoczucia i nastroju.<\/td><\/tr><tr><td>Wi\u0119ksza energia<\/td><td>U\u017cytkownicy czuj\u0105 si\u0119 bardziej wypocz\u0119ci i pe\u0142ni energii w ci\u0105gu dnia.<\/td><\/tr><tr><td>Wsparcie uk\u0142adu oddechowego<\/td><td>Sk\u0142adniki wspomagaj\u0105 drogi oddechowe, co zmniejsza ryzyko zator\u00f3w.<\/td><\/tr><tr><td>Regulacja systemu nerwowego<\/td><td>Zabiegi na poziomie neurologicznym przyczyniaj\u0105 si\u0119 do lepszego snu.<\/td><\/tr><\/tbody><\/table><\/figure>\n\n\n\n<p>Regularne <b>stosowanie<\/b> Snoran Plus przynosi zatem szereg efekt\u00f3w, kt\u00f3re znacz\u0105co wp\u0142ywaj\u0105 na <b>jako\u015b\u0107 snu<\/b> oraz komfort \u017cycia codziennego. Osoby borykaj\u0105ce si\u0119 z chrapaniem i zaburzeniami snu powinny rozwa\u017cy\u0107 ten suplement jako naturalne wsparcie.<\/p>\n\n\n\n<h2 class=\"wp-block-heading\">Jak stosowa\u0107 Snoran Plus &#8211; Instrukcja stosowania i dawkowania<\/h2>\n\n\n\n<p>Snoran Plus to suplement, kt\u00f3ry wspiera redukcj\u0119 chrapania. W\u0142a\u015bciwe <em>stosowanie<\/em> tego produktu jest kluczowe dla osi\u0105gni\u0119cia optymalnych efekt\u00f3w. Zaleca si\u0119 przyjmowanie 2 kapsu\u0142ek dziennie, 30-60 minut przed snem. Kapsu\u0142ki najlepiej spo\u017cywa\u0107 popijaj\u0105c du\u017c\u0105 ilo\u015bci\u0105 wody, co sprzyja ich skuteczno\u015bci i przyswajalno\u015bci.<\/p>\n\n\n\n<p>Wa\u017cne jest przestrzeganie wskazanego <em>dawkowania<\/em> oraz nieprzekraczanie rekomendowanej liczby kapsu\u0142ek. Produkt nie zast\u0119puje zdrowej diety ani zdrowego stylu \u017cycia. Zwr\u00f3\u0107 uwag\u0119 na to, aby przechowywa\u0107 Snoran Plus w ch\u0142odnym i suchym miejscu, z dala od dzieci. U\u017cytkownicy powinni dok\u0142adnie zapozna\u0107 si\u0119 z ulotk\u0105 do\u0142\u0105czon\u0105 do opakowania. Dzi\u0119ki temu mo\u017cna zapewni\u0107 sobie maksymaln\u0105 skuteczno\u015b\u0107 suplementu.<\/p>\n\n\n\n<h2 class=\"wp-block-heading\">Snoran Plus &#8211; Opinie i Recenzje &#8211; Co m\u00f3wi\u0105 u\u017cytkownicy?<\/h2>\n\n\n\n<p>U\u017cytkownicy Snoran Plus dziel\u0105 si\u0119 pozytywnymi do\u015bwiadczeniami zwi\u0105zanymi z tym suplementem na bazie naturalnych sk\u0142adnik\u00f3w. <b>Opinie<\/b> wskazuj\u0105, \u017ce wiele os\u00f3b zauwa\u017cy\u0142o znaczn\u0105 popraw\u0119 jako\u015bci snu oraz zmniejszenie chrapania. Dzi\u0119ki zawarto\u015bci ekstrakt\u00f3w z melisy i eukaliptusa, Snoran Plus pomaga w nawil\u017ceniu jamy ustnej i gard\u0142a, co pozytywnie wp\u0142ywa na komfort snu.<\/p>\n\n\n\n<p><b>Recenzje<\/b> pokazuj\u0105, \u017ce suplement przynosi szybkie <b>efekty<\/b>. Osoby, kt\u00f3re go stosowa\u0142y, zauwa\u017cy\u0142y ulg\u0119 ju\u017c po pierwszej dawce. W badaniach przeprowadzonych na grupie A, 100% uczestnik\u00f3w zg\u0142osi\u0142o ust\u0105pienie chrapania, co znacz\u0105co wp\u0142ywa na ich samopoczucie oraz relacje z partnerami.<\/p>\n\n\n\n<p>Kolejnym atutem Snoran Plus jest brak skutk\u00f3w ubocznych. Wiele opinii potwierdza, \u017ce suplement sk\u0142ada si\u0119 tylko z zi\u00f3\u0142 i ekstrakt\u00f3w ro\u015blinnych, co czyni go bezpiecznym wyborem. U\u017cytkownicy doceniaj\u0105 r\u00f3wnie\u017c korzystn\u0105 cen\u0119, kt\u00f3ra wynosi oko\u0142o 169 z\u0142, a na stronie producenta mo\u017cna znale\u017a\u0107 atrakcyjne promocje.<\/p>\n\n\n\n<p>Warto zaznaczy\u0107, \u017ce Snoran Plus jest rekomendowany przez lekarzy, co dodatkowo potwierdza jego skuteczno\u015b\u0107 oraz pozytywny odbi\u00f3r na rynku. U\u017cytkownicy, kt\u00f3rzy regularnie stosuj\u0105 ten suplement, wyra\u017caj\u0105 du\u017c\u0105 satysfakcj\u0119 z uzyskanych efekt\u00f3w. W kontek\u015bcie chrapania, <b>opinie<\/b> na temat Snoran Plus s\u0105 zdecydowanie pozytywne, z wieloma klientami wskazuj\u0105cymi na popraw\u0119 jako\u015bci snu oraz og\u00f3lnego stanu zdrowia.<\/p>\n\n\n\n<h2 class=\"wp-block-heading\">Snoran Plus &#8211; Sk\u0142ad &#8211; Co zawiera?<\/h2>\n\n\n\n<p>Snoran Plus to <b>suplement diety<\/b>, kt\u00f3ry wyr\u00f3\u017cnia si\u0119 naturalnym sk\u0142adem maj\u0105cym na celu wspieranie redukcji chrapania oraz popraw\u0119 jako\u015bci snu. Kluczowe sk\u0142adniki od\u017cywcze w preparacie to:<\/p>\n\n\n\n<figure class=\"wp-block-table\"><table class=\"has-fixed-layout\"><tbody><tr><th>Sk\u0142adnik<\/th><th>Funkcja<\/th><\/tr><tr><td>Sproszkowane ziele tymianku<\/td><td>Wsparcie w oddychaniu, <b>dzia\u0142anie<\/b> przeciwzapalne<\/td><\/tr><tr><td>Ekstrakt z korzenia gorzknika kanadyjskiego<\/td><td>Naturalne <b>dzia\u0142anie<\/b> uspokajaj\u0105ce<\/td><\/tr><tr><td>Korze\u0144 prawo\u015blazu lekarskiego<\/td><td>\u0141agodzenie podra\u017cnie\u0144 dr\u00f3g oddechowych<\/td><\/tr><tr><td>Li\u015bcie melisy lekarskiej<\/td><td>Redukcja stresu i poprawa snu<\/td><\/tr><tr><td>Li\u015bcie mi\u0119ty pieprzowej<\/td><td>Orze\u017awienie i ulga w irytacji dr\u00f3g oddechowych<\/td><\/tr><tr><td>Li\u015bcie eukaliptusa ga\u0142kowego<\/td><td>U\u0142atwienie w oddychaniu, dzia\u0142anie przeciwzapalne<\/td><\/tr><\/tbody><\/table><\/figure>\n\n\n\n<p>Suplement wzbogacony jest tak\u017ce o witamin\u0119 C, kt\u00f3ra wspiera odporno\u015b\u0107 organizmu. <b>Sk\u0142ad<\/b> Snoran Plus znacznie przyczynia si\u0119 do poprawy jako\u015bci snu, co celektywnie wspiera zdrowy sen. Naturalna kompozycja sprawia, \u017ce Snoran Plus postrzegany jest jako bezpieczna alternatywa dla tradycyjnych lek\u00f3w. U\u017cytkownicy mog\u0105 cieszy\u0107 si\u0119 popraw\u0105 snu oraz og\u00f3lnym samopoczuciem ju\u017c po kr\u00f3tkim czasie stosowania.<\/p>\n\n\n\n<h2 class=\"wp-block-heading\">Gdzie kupi\u0107 i Ile kosztuje Snoran Plus &#8211; cena<\/h2>\n\n\n\n<p>Snoran Plus mo\u017cna naby\u0107 jedynie na oficjalnej stronie producenta, co podkre\u015bla wyj\u0105tkowy charakter tego suplementu. <em>Brak dost\u0119pno\u015bci w aptekach stacjonarnych<\/em> sprawia, \u017ce klienci maj\u0105 pewno\u015b\u0107 co do autentyczno\u015bci produktu, co jest niezwykle wa\u017cne w obecnych czasach.<\/p>\n\n\n\n<p>Warto zwr\u00f3ci\u0107 uwag\u0119 na atrakcyjne promocje oferowane przez producenta. Przy zakupie dw\u00f3ch opakowa\u0144, klient otrzymuje jedno opakowanie gratis. Trzy opakowania z kolei uprawniaj\u0105 do otrzymania a\u017c trzech dodatkowych opakowa\u0144. Takie oferty sprawiaj\u0105, \u017ce <em>zakup Snoran Plus staje si\u0119 jeszcze bardziej op\u0142acalny<\/em>.<\/p>\n\n\n\n<p>Regularne <b>stosowanie<\/b> Snoran Plus przynosi widoczne efekty od pierwszego dnia aplikacji. U\u017cytkownicy mog\u0105 zauwa\u017cy\u0107 znaczn\u0105 redukcj\u0119 chrapania, co przek\u0142ada si\u0119 na lepsz\u0105 <b>jako\u015b\u0107 snu<\/b> dla nich oraz ich bliskich. Takie rezultaty potwierdzaj\u0105 wysok\u0105 skuteczno\u015b\u0107 suplementu, kt\u00f3ra osi\u0105ga a\u017c 95% w przypadkach stosowania. Z tego wzgl\u0119du, warto zastanowi\u0107 si\u0119 nad <em>zakupem Snoran Plus<\/em> i popraw\u0105 komfortu snu.<\/p>\n\n\n\n<h2 class=\"wp-block-heading\">Snoran Plus &#8211; Skutki uboczne i przeciwwskazania &#8211; Czy jest bezpieczny?<\/h2>\n\n\n\n<p>Snoran Plus jest og\u00f3lnie uznawany za bezpieczny <b>suplement diety<\/b>, kt\u00f3ry mo\u017ce pom\u00f3c w redukcji chrapania. Mimo to, jak ka\u017cdy produkt, mo\u017ce wi\u0105za\u0107 si\u0119 z pewnymi skutkami ubocznymi. U niekt\u00f3rych u\u017cytkownik\u00f3w mog\u0105 wyst\u0105pi\u0107 problemy trawienne, senno\u015b\u0107 czy reakcje alergiczne, szczeg\u00f3lnie u os\u00f3b wra\u017cliwych na sk\u0142adniki zio\u0142owe zawarte w preparacie.<\/p>\n\n\n\n<p>Warto tak\u017ce zwr\u00f3ci\u0107 uwag\u0119 na <b>przeciwwskazania<\/b>. Snoran Plus nie jest zalecany dla dzieci poni\u017cej 12. roku \u017cycia, a tak\u017ce dla kobiet w ci\u0105\u017cy oraz karmi\u0105cych, kt\u00f3re powinny skonsultowa\u0107 si\u0119 z lekarzem przed rozpocz\u0119ciem suplementacji. Przed za\u017cyciem Snoran Plus zaleca si\u0119 r\u00f3wnie\u017c rozmow\u0119 z lekarzem w przypadku istniej\u0105cych problem\u00f3w zdrowotnych lub stosowania innych lek\u00f3w, aby zminimalizowa\u0107 ryzyko wyst\u0105pienia niepo\u017c\u0105danych skutk\u00f3w.<\/p>\n\n\n\n<p>Chocia\u017c dzia\u0142ania niepo\u017c\u0105dane s\u0105 rzadkie, to istotne jest, aby u\u017cytkownicy byli \u015bwiadomi mo\u017cliwo\u015bci wyst\u0105pienia skutk\u00f3w ubocznych. Zrozumienie, jak Snoran Plus mo\u017ce wp\u0142yn\u0105\u0107 na organizm, jest kluczowe dla zapewnienia bezpiecze\u0144stwa oraz skuteczno\u015bci suplementacji w walce z chrapaniem.<\/p>\n","protected":false},"excerpt":{"rendered":"<p>Czym jest Snoran Plus i jak dzia\u0142a? Snoran Plus to suplement diety zaprojektowany w celu skutecznej redukcji chrapania. Jego dzia\u0142anie opiera si\u0119 na naturalnych ekstraktach ro\u015blinnych, kt\u00f3re pomagaj\u0105 poprawi\u0107 przep\u0142yw powietrza w drogach oddechowych. G\u0142\u00f3wne sk\u0142adniki, takie jak ekstrakt z trawy cytrynowej i li\u015bci eukaliptusa, posiadaj\u0105 w\u0142a\u015bciwo\u015bci przeciwzapalne, co przyczynia si\u0119 do lepszego snu oraz&hellip;&nbsp;<a href=\"https:\/\/lewartowska.pl\/apt\/produkt\/snoran-plus\/\" rel=\"bookmark\">Read More &raquo;<span class=\"screen-reader-text\">Snoran Plus<\/span><\/a><\/p>\n","protected":false},"featured_media":1470,"comment_status":"open","ping_status":"closed","template":"","meta":{"neve_meta_sidebar":"","neve_meta_container":"","neve_meta_enable_content_width":"","neve_meta_content_width":0,"neve_meta_title_alignment":"","neve_meta_author_avatar":"","neve_post_elements_order":"","neve_meta_disable_header":"","neve_meta_disable_footer":"","neve_meta_disable_title":"","neve_meta_reading_time":""},"product_brand":[],"product_cat":[21],"product_tag":[],"class_list":{"0":"post-1471","1":"product","2":"type-product","3":"status-publish","4":"has-post-thumbnail","6":"product_cat-zdrowie","8":"first","9":"instock","10":"sale","11":"shipping-taxable","12":"product-type-external"},"yoast_head":"<!-- This site is optimized with the Yoast SEO plugin v27.4 - https:\/\/yoast.com\/product\/yoast-seo-wordpress\/ -->\n<title>Snoran Plus - Opinie, Cena - 50%, Sk\u0142ad, Efekty, Apteka, Forum | Lewartowska<\/title>\n<meta name=\"robots\" content=\"index, follow, max-snippet:-1, max-image-preview:large, max-video-preview:-1\" \/>\n<link rel=\"canonical\" href=\"https:\/\/lewartowska.pl\/apt\/produkt\/snoran-plus\/\" \/>\n<meta property=\"og:locale\" content=\"pl_PL\" \/>\n<meta property=\"og:type\" content=\"article\" \/>\n<meta property=\"og:title\" content=\"Snoran Plus - Opinie, Cena - 50%, Sk\u0142ad, Efekty, Apteka, Forum | Lewartowska\" \/>\n<meta property=\"og:description\" content=\"Czym jest Snoran Plus i jak dzia\u0142a? Snoran Plus to suplement diety zaprojektowany w celu skutecznej redukcji chrapania. Jego dzia\u0142anie opiera si\u0119 na naturalnych ekstraktach ro\u015blinnych, kt\u00f3re pomagaj\u0105 poprawi\u0107 przep\u0142yw powietrza w drogach oddechowych. G\u0142\u00f3wne sk\u0142adniki, takie jak ekstrakt z trawy cytrynowej i li\u015bci eukaliptusa, posiadaj\u0105 w\u0142a\u015bciwo\u015bci przeciwzapalne, co przyczynia si\u0119 do lepszego snu oraz&hellip;&nbsp;Read More &raquo;Snoran Plus\" \/>\n<meta property=\"og:url\" content=\"https:\/\/lewartowska.pl\/apt\/produkt\/snoran-plus\/\" \/>\n<meta property=\"og:site_name\" content=\"Lewartowska\" \/>\n<meta property=\"article:modified_time\" content=\"2025-03-23T10:37:32+00:00\" \/>\n<meta property=\"og:image\" content=\"https:\/\/lewartowska.pl\/apt\/wp-content\/uploads\/2024\/05\/Snoran-Plus.jpg\" \/>\n\t<meta property=\"og:image:width\" content=\"768\" \/>\n\t<meta property=\"og:image:height\" content=\"768\" \/>\n\t<meta property=\"og:image:type\" content=\"image\/jpeg\" \/>\n<meta name=\"twitter:card\" content=\"summary_large_image\" \/>\n<script type=\"application\/ld+json\" class=\"yoast-schema-graph\">{\"@context\":\"https:\\\/\\\/schema.org\",\"@graph\":[{\"@type\":\"WebPage\",\"@id\":\"https:\\\/\\\/lewartowska.pl\\\/apt\\\/produkt\\\/snoran-plus\\\/\",\"url\":\"https:\\\/\\\/lewartowska.pl\\\/apt\\\/produkt\\\/snoran-plus\\\/\",\"name\":\"Snoran Plus - Opinie, Cena - 50%, Sk\u0142ad, Efekty, Apteka, Forum | Lewartowska\",\"isPartOf\":{\"@id\":\"https:\\\/\\\/lewartowska.pl\\\/apt\\\/#website\"},\"primaryImageOfPage\":{\"@id\":\"https:\\\/\\\/lewartowska.pl\\\/apt\\\/produkt\\\/snoran-plus\\\/#primaryimage\"},\"image\":{\"@id\":\"https:\\\/\\\/lewartowska.pl\\\/apt\\\/produkt\\\/snoran-plus\\\/#primaryimage\"},\"thumbnailUrl\":\"https:\\\/\\\/lewartowska.pl\\\/apt\\\/wp-content\\\/uploads\\\/2024\\\/05\\\/Snoran-Plus.jpg\",\"datePublished\":\"2024-05-21T09:29:55+00:00\",\"dateModified\":\"2025-03-23T10:37:32+00:00\",\"breadcrumb\":{\"@id\":\"https:\\\/\\\/lewartowska.pl\\\/apt\\\/produkt\\\/snoran-plus\\\/#breadcrumb\"},\"inLanguage\":\"pl-PL\",\"potentialAction\":[{\"@type\":\"ReadAction\",\"target\":[\"https:\\\/\\\/lewartowska.pl\\\/apt\\\/produkt\\\/snoran-plus\\\/\"]}]},{\"@type\":\"ImageObject\",\"inLanguage\":\"pl-PL\",\"@id\":\"https:\\\/\\\/lewartowska.pl\\\/apt\\\/produkt\\\/snoran-plus\\\/#primaryimage\",\"url\":\"https:\\\/\\\/lewartowska.pl\\\/apt\\\/wp-content\\\/uploads\\\/2024\\\/05\\\/Snoran-Plus.jpg\",\"contentUrl\":\"https:\\\/\\\/lewartowska.pl\\\/apt\\\/wp-content\\\/uploads\\\/2024\\\/05\\\/Snoran-Plus.jpg\",\"width\":768,\"height\":768},{\"@type\":\"BreadcrumbList\",\"@id\":\"https:\\\/\\\/lewartowska.pl\\\/apt\\\/produkt\\\/snoran-plus\\\/#breadcrumb\",\"itemListElement\":[{\"@type\":\"ListItem\",\"position\":1,\"name\":\"Strona g\u0142\u00f3wna\",\"item\":\"https:\\\/\\\/lewartowska.pl\\\/apt\\\/\"},{\"@type\":\"ListItem\",\"position\":2,\"name\":\"Main\",\"item\":\"https:\\\/\\\/lewartowska.pl\\\/apt\\\/\"},{\"@type\":\"ListItem\",\"position\":3,\"name\":\"Snoran Plus\"}]},{\"@type\":\"WebSite\",\"@id\":\"https:\\\/\\\/lewartowska.pl\\\/apt\\\/#website\",\"url\":\"https:\\\/\\\/lewartowska.pl\\\/apt\\\/\",\"name\":\"Lewartowska\",\"description\":\"\",\"potentialAction\":[{\"@type\":\"SearchAction\",\"target\":{\"@type\":\"EntryPoint\",\"urlTemplate\":\"https:\\\/\\\/lewartowska.pl\\\/apt\\\/?s={search_term_string}\"},\"query-input\":{\"@type\":\"PropertyValueSpecification\",\"valueRequired\":true,\"valueName\":\"search_term_string\"}}],\"inLanguage\":\"pl-PL\"}]}<\/script>\n<!-- \/ Yoast SEO plugin. -->","yoast_head_json":{"title":"Snoran Plus - Opinie, Cena - 50%, Sk\u0142ad, Efekty, Apteka, Forum | Lewartowska","robots":{"index":"index","follow":"follow","max-snippet":"max-snippet:-1","max-image-preview":"max-image-preview:large","max-video-preview":"max-video-preview:-1"},"canonical":"https:\/\/lewartowska.pl\/apt\/produkt\/snoran-plus\/","og_locale":"pl_PL","og_type":"article","og_title":"Snoran Plus - Opinie, Cena - 50%, Sk\u0142ad, Efekty, Apteka, Forum | Lewartowska","og_description":"Czym jest Snoran Plus i jak dzia\u0142a? Snoran Plus to suplement diety zaprojektowany w celu skutecznej redukcji chrapania. Jego dzia\u0142anie opiera si\u0119 na naturalnych ekstraktach ro\u015blinnych, kt\u00f3re pomagaj\u0105 poprawi\u0107 przep\u0142yw powietrza w drogach oddechowych. G\u0142\u00f3wne sk\u0142adniki, takie jak ekstrakt z trawy cytrynowej i li\u015bci eukaliptusa, posiadaj\u0105 w\u0142a\u015bciwo\u015bci przeciwzapalne, co przyczynia si\u0119 do lepszego snu oraz&hellip;&nbsp;Read More &raquo;Snoran Plus","og_url":"https:\/\/lewartowska.pl\/apt\/produkt\/snoran-plus\/","og_site_name":"Lewartowska","article_modified_time":"2025-03-23T10:37:32+00:00","og_image":[{"width":768,"height":768,"url":"https:\/\/lewartowska.pl\/apt\/wp-content\/uploads\/2024\/05\/Snoran-Plus.jpg","type":"image\/jpeg"}],"twitter_card":"summary_large_image","schema":{"@context":"https:\/\/schema.org","@graph":[{"@type":"WebPage","@id":"https:\/\/lewartowska.pl\/apt\/produkt\/snoran-plus\/","url":"https:\/\/lewartowska.pl\/apt\/produkt\/snoran-plus\/","name":"Snoran Plus - Opinie, Cena - 50%, Sk\u0142ad, Efekty, Apteka, Forum | Lewartowska","isPartOf":{"@id":"https:\/\/lewartowska.pl\/apt\/#website"},"primaryImageOfPage":{"@id":"https:\/\/lewartowska.pl\/apt\/produkt\/snoran-plus\/#primaryimage"},"image":{"@id":"https:\/\/lewartowska.pl\/apt\/produkt\/snoran-plus\/#primaryimage"},"thumbnailUrl":"https:\/\/lewartowska.pl\/apt\/wp-content\/uploads\/2024\/05\/Snoran-Plus.jpg","datePublished":"2024-05-21T09:29:55+00:00","dateModified":"2025-03-23T10:37:32+00:00","breadcrumb":{"@id":"https:\/\/lewartowska.pl\/apt\/produkt\/snoran-plus\/#breadcrumb"},"inLanguage":"pl-PL","potentialAction":[{"@type":"ReadAction","target":["https:\/\/lewartowska.pl\/apt\/produkt\/snoran-plus\/"]}]},{"@type":"ImageObject","inLanguage":"pl-PL","@id":"https:\/\/lewartowska.pl\/apt\/produkt\/snoran-plus\/#primaryimage","url":"https:\/\/lewartowska.pl\/apt\/wp-content\/uploads\/2024\/05\/Snoran-Plus.jpg","contentUrl":"https:\/\/lewartowska.pl\/apt\/wp-content\/uploads\/2024\/05\/Snoran-Plus.jpg","width":768,"height":768},{"@type":"BreadcrumbList","@id":"https:\/\/lewartowska.pl\/apt\/produkt\/snoran-plus\/#breadcrumb","itemListElement":[{"@type":"ListItem","position":1,"name":"Strona g\u0142\u00f3wna","item":"https:\/\/lewartowska.pl\/apt\/"},{"@type":"ListItem","position":2,"name":"Main","item":"https:\/\/lewartowska.pl\/apt\/"},{"@type":"ListItem","position":3,"name":"Snoran Plus"}]},{"@type":"WebSite","@id":"https:\/\/lewartowska.pl\/apt\/#website","url":"https:\/\/lewartowska.pl\/apt\/","name":"Lewartowska","description":"","potentialAction":[{"@type":"SearchAction","target":{"@type":"EntryPoint","urlTemplate":"https:\/\/lewartowska.pl\/apt\/?s={search_term_string}"},"query-input":{"@type":"PropertyValueSpecification","valueRequired":true,"valueName":"search_term_string"}}],"inLanguage":"pl-PL"}]}},"_links":{"self":[{"href":"https:\/\/lewartowska.pl\/apt\/wp-json\/wp\/v2\/product\/1471","targetHints":{"allow":["GET"]}}],"collection":[{"href":"https:\/\/lewartowska.pl\/apt\/wp-json\/wp\/v2\/product"}],"about":[{"href":"https:\/\/lewartowska.pl\/apt\/wp-json\/wp\/v2\/types\/product"}],"replies":[{"embeddable":true,"href":"https:\/\/lewartowska.pl\/apt\/wp-json\/wp\/v2\/comments?post=1471"}],"wp:featuredmedia":[{"embeddable":true,"href":"https:\/\/lewartowska.pl\/apt\/wp-json\/wp\/v2\/media\/1470"}],"wp:attachment":[{"href":"https:\/\/lewartowska.pl\/apt\/wp-json\/wp\/v2\/media?parent=1471"}],"wp:term":[{"taxonomy":"product_brand","embeddable":true,"href":"https:\/\/lewartowska.pl\/apt\/wp-json\/wp\/v2\/product_brand?post=1471"},{"taxonomy":"product_cat","embeddable":true,"href":"https:\/\/lewartowska.pl\/apt\/wp-json\/wp\/v2\/product_cat?post=1471"},{"taxonomy":"product_tag","embeddable":true,"href":"https:\/\/lewartowska.pl\/apt\/wp-json\/wp\/v2\/product_tag?post=1471"}],"curies":[{"name":"wp","href":"https:\/\/api.w.org\/{rel}","templated":true}]}}